{"id":47,"date":"2025-07-17T21:37:08","date_gmt":"2025-07-17T19:37:08","guid":{"rendered":"http:\/\/benja.usach.cl\/wordpress\/?page_id=47"},"modified":"2025-12-18T12:15:08","modified_gmt":"2025-12-18T11:15:08","slug":"transforma-tu-futuro","status":"publish","type":"page","link":"https:\/\/alumnifae.usach.cl\/index.php\/transforma-tu-futuro\/","title":{"rendered":"Transforma Tu Futuro"},"content":{"rendered":"<p>[et_pb_section fb_built=\u00bb1&#8243; _builder_version=\u00bb4.27.4&#8243; _module_preset=\u00bbdefault\u00bb background_color=\u00bbrgba(10,10,10,0.38)\u00bb use_background_color_gradient=\u00bbon\u00bb background_color_gradient_stops=\u00bbrgba(0,0,0,0.8) 12%|rgba(0,0,0,0.3) 45%\u00bb background_image=\u00bbhttps:\/\/alumnifae.usach.cl\/wp-content\/uploads\/2025\/12\/header-transforma-tu-futuro.jpg\u00bb background_position=\u00bbtop_center\u00bb background_vertical_offset=\u00bb0%\u00bb background_blend=\u00bbdarken\u00bb module_alignment=\u00bbleft\u00bb height=\u00bb646px\u00bb height_tablet=\u00bb646px\u00bb height_phone=\u00bb745px\u00bb height_last_edited=\u00bbon|phone\u00bb background_last_edited=\u00bboff|tablet\u00bb locked=\u00bboff\u00bb global_colors_info=\u00bb{}\u00bb][et_pb_row custom_padding_last_edited=\u00bbon|tablet\u00bb _builder_version=\u00bb4.27.4&#8243; _module_preset=\u00bbdefault\u00bb module_alignment=\u00bbleft\u00bb custom_margin=\u00bb||||false|false\u00bb custom_padding=\u00bb320px||0px|73px|false|false\u00bb custom_padding_tablet=\u00bb320px||0px|73px|false|false\u00bb custom_padding_phone=\u00bb320px||0px|25px|false|false\u00bb global_colors_info=\u00bb{}\u00bb][et_pb_column type=\u00bb4_4&#8243; _builder_version=\u00bb4.27.4&#8243; _module_preset=\u00bbdefault\u00bb global_colors_info=\u00bb{}\u00bb][et_pb_heading title=\u00bbTransforma tu futuro\u00bb _builder_version=\u00bb4.27.4&#8243; _module_preset=\u00bbdefault\u00bb title_font=\u00bb||||||||\u00bb title_text_color=\u00bb#FFFFFF\u00bb title_font_size=\u00bb62px\u00bb global_colors_info=\u00bb{}\u00bb][\/et_pb_heading][et_pb_text _builder_version=\u00bb4.27.4&#8243; _module_preset=\u00bbdefault\u00bb text_text_color=\u00bb#FFFFFF\u00bb background_layout=\u00bbdark\u00bb global_colors_info=\u00bb{}\u00bb]<\/p>\n<h3><span style=\"font-weight: 400;\">En Alumni FAE creemos que el aprendizaje no termina al egresar. Cada paso en la vida profesional es una oportunidad para crecer, reinventarse y seguir aprendiendo con prop\u00f3sito.<\/span><\/h3>\n<p>[\/et_pb_text][\/et_pb_column][\/et_pb_row][\/et_pb_section][et_pb_section fb_built=\u00bb1&#8243; _builder_version=\u00bb4.27.4&#8243; _module_preset=\u00bbdefault\u00bb custom_padding=\u00bb31px|||||\u00bb global_colors_info=\u00bb{}\u00bb][et_pb_row _builder_version=\u00bb4.27.4&#8243; _module_preset=\u00bbdefault\u00bb global_colors_info=\u00bb{}\u00bb][et_pb_column type=\u00bb4_4&#8243; _builder_version=\u00bb4.27.4&#8243; _module_preset=\u00bbdefault\u00bb global_colors_info=\u00bb{}\u00bb][et_pb_code _builder_version=\u00bb4.27.4&#8243; _module_preset=\u00bbdefault\u00bb custom_margin=\u00bb||6px|||\u00bb locked=\u00bboff\u00bb global_colors_info=\u00bb{}\u00bb]<\/p>\n<h2 style=\"margin:0; line-height:1.15;\"><!-- [et_pb_line_break_holder] -->  <span aria-hidden=\"true\"<!-- [et_pb_line_break_holder] -->        style=\u00bbdisplay:inline-block;width:.72rem;height:.72rem;background:#f28c00;border-radius:2px;<!-- [et_pb_line_break_holder] -->               vertical-align:middle;margin-right:.1rem;transform:translateY(-0.10em);\u00bb><\/span><!-- [et_pb_line_break_holder] --> Transforma tu Futuro\u00a0<!-- [et_pb_line_break_holder] --><\/h2>\n<p>[\/et_pb_code][et_pb_text _builder_version=\u00bb4.27.4&#8243; _module_preset=\u00bbdefault\u00bb global_colors_info=\u00bb{}\u00bb]<\/p>\n<p><span style=\"font-weight: 400;\">Transforma tu futuro es un espacio creado para acompa\u00f1ar ese camino, entregando recursos, herramientas y contenidos que fortalecen las competencias profesionales, impulsan la empleabilidad y potencian el desarrollo integral de nuestra comunidad de egresadas y egresados.<\/span><\/p>\n<p><span style=\"font-weight: 400;\">Aqu\u00ed encontrar\u00e1s c\u00e1psulas y materiales pr\u00e1cticos sobre b\u00fasqueda laboral, elaboraci\u00f3n de curr\u00edculum, entrevistas, uso de redes profesionales, integraci\u00f3n a nuevos entornos laborales y mucho m\u00e1s.<\/span><\/p>\n<p><span style=\"font-weight: 400;\">Insp\u00edrate, aprende y proyecta tu trayectoria con el sello que distingue a la FAE Usach: compromiso, excelencia y valor transformador. <\/span><\/p>\n<p>[\/et_pb_text][\/et_pb_column][\/et_pb_row][et_pb_row _builder_version=\u00bb4.27.4&#8243; _module_preset=\u00bbdefault\u00bb module_alignment=\u00bbcenter\u00bb animation_style=\u00bbzoom\u00bb global_colors_info=\u00bb{}\u00bb][et_pb_column type=\u00bb4_4&#8243; _builder_version=\u00bb4.27.4&#8243; _module_preset=\u00bbdefault\u00bb global_colors_info=\u00bb{}\u00bb][et_pb_code disabled_on=\u00bboff|off|off\u00bb _builder_version=\u00bb4.27.4&#8243; _module_preset=\u00bbdefault\u00bb custom_css_free_form=\u00bb\/* Bot\u00f3n normal *\/||.custom-btn {||  background-color: #00a499 !important;||  color: white !important;||  border: 2px solid #00a499 !important;||  margin: 5px;||  padding: 10px 25px;||  font-weight: bold;||  border-radius: 15px;||  transition: all 0.3s ease;||}||||\/* Bot\u00f3n activo *\/||.custom-btn.active-btn {||  background-color: white !important;||  color: #00a499 !important;||  border: 2px solid #00a499 !important;||}||||\/* Hover (opcional) *\/||.custom-btn:hover {||  opacity: 0.9;||  cursor: pointer;||}\u00bb global_colors_info=\u00bb{}\u00bb]<!-- [et_pb_line_break_holder] --><\/p>\n<div class=\"d-grid gap-2 d-md-block button-group\"><!-- [et_pb_line_break_holder] -->  <button class=\"btn custom-btn active-btn\" type=\"button\" data-tab=\"datos-personales\">Tips para pr\u00e1cticas &#038; trabajo <\/button><!-- [et_pb_line_break_holder] -->  <button class=\"btn custom-btn\" type=\"button\" data-tab=\"conexion-alumni\">C\u00f3mo elaborar un CV competitivo<\/button><!-- [et_pb_line_break_holder] -->  <button class=\"btn custom-btn\" type=\"button\" data-tab=\"cursos\">Prep\u00e1rate para la entrevista<\/button><!-- [et_pb_line_break_holder] --><\/div>\n<p><!-- [et_pb_line_break_holder] --><!-- [et_pb_line_break_holder] --><!-- [et_pb_line_break_holder] --><!-- [et_pb_line_break_holder] --><script><!-- [et_pb_line_break_holder] -->document.addEventListener('DOMContentLoaded', function () {<!-- [et_pb_line_break_holder] -->  const buttons = document.querySelectorAll('.custom-btn');<!-- [et_pb_line_break_holder] -->  const contents = document.querySelectorAll('.tab-content');<!-- [et_pb_line_break_holder] --><!-- [et_pb_line_break_holder] -->  buttons.forEach(button => {<!-- [et_pb_line_break_holder] -->    button.addEventListener('click', () => {<!-- [et_pb_line_break_holder] -->      const target = button.getAttribute('data-tab');<!-- [et_pb_line_break_holder] --><!-- [et_pb_line_break_holder] -->      \/\/ Cambiar bot\u00f3n activo<!-- [et_pb_line_break_holder] -->      buttons.forEach(btn => btn.classList.remove('active-btn'));<!-- [et_pb_line_break_holder] -->      button.classList.add('active-btn');<!-- [et_pb_line_break_holder] --><!-- [et_pb_line_break_holder] -->      \/\/ Mostrar\/ocultar contenido<!-- [et_pb_line_break_holder] -->      contents.forEach(content => {<!-- [et_pb_line_break_holder] -->        if (content.id === target) {<!-- [et_pb_line_break_holder] -->          content.style.display = 'block';<!-- [et_pb_line_break_holder] -->        } else {<!-- [et_pb_line_break_holder] -->          content.style.display = 'none';<!-- [et_pb_line_break_holder] -->        }<!-- [et_pb_line_break_holder] -->      });<!-- [et_pb_line_break_holder] -->    });<!-- [et_pb_line_break_holder] -->  });<!-- [et_pb_line_break_holder] --><!-- [et_pb_line_break_holder] -->  \/\/ Mostrar solo \"datos-personales\" al cargar<!-- [et_pb_line_break_holder] -->  contents.forEach(content => content.style.display = 'none');<!-- [et_pb_line_break_holder] -->  const defaultTab = document.getElementById('datos-personales');<!-- [et_pb_line_break_holder] -->  if (defaultTab) {<!-- [et_pb_line_break_holder] -->    defaultTab.style.display = 'block';<!-- [et_pb_line_break_holder] -->  }<!-- [et_pb_line_break_holder] -->});<!-- [et_pb_line_break_holder] --><\/script><!-- [et_pb_line_break_holder] -->[\/et_pb_code][\/et_pb_column][\/et_pb_row][et_pb_row column_structure=\u00bb1_2,1_2&#8243; use_custom_gutter=\u00bbon\u00bb gutter_width=\u00bb2&#8243; module_id=\u00bbdatos-personales\u00bb module_class=\u00bbtab-content\u00bb _builder_version=\u00bb4.27.4&#8243; _module_preset=\u00bbdefault\u00bb custom_padding=\u00bb|||20px|false|false\u00bb global_colors_info=\u00bb{}\u00bb][et_pb_column type=\u00bb1_2&#8243; _builder_version=\u00bb4.27.4&#8243; _module_preset=\u00bbdefault\u00bb custom_padding=\u00bb|40px|||false|false\u00bb border_color_all=\u00bb#cecece\u00bb border_width_right=\u00bb2px\u00bb border_width_right_tablet=\u00bb0px\u00bb border_width_right_phone=\u00bb0px\u00bb border_width_right_last_edited=\u00bbon|desktop\u00bb global_colors_info=\u00bb{}\u00bb][et_pb_text _builder_version=\u00bb4.27.4&#8243; _module_preset=\u00bbdefault\u00bb custom_margin=\u00bb||||false|false\u00bb global_colors_info=\u00bb{}\u00bb]<\/p>\n<h3><b>\u00bfQu\u00e9 debo saber antes de comenzar a buscar trabajo?<\/b><\/h3>\n<p><span style=\"font-weight: 400;\">Iniciar una b\u00fasqueda laboral puede ser un desaf\u00edo, especialmente en contextos cambiantes y competitivos. Contar con estrategias claras y herramientas adecuadas es fundamental para orientar este proceso con confianza y efectividad.<\/span><\/p>\n<p><span style=\"font-weight: 400;\">El video \u201cTengo que buscar trabajo\u201d aborda temas esenciales como la preparaci\u00f3n personal, el uso de plataformas profesionales, la organizaci\u00f3n del proceso y la importancia de mantener una actitud proactiva frente a los desaf\u00edos del mercado laboral.<\/span><\/p>\n<p><span style=\"font-weight: 400;\">Te invitamos a verlo y fortalecer tu estrategia para avanzar hacia nuevas oportunidades con prop\u00f3sito y confianza.<\/span><\/p>\n<p>[\/et_pb_text][et_pb_video src=\u00bbhttps:\/\/youtu.be\/h6_GcxIm_2c?si=IdBk8MKsaO7K64WK\u00bb _builder_version=\u00bb4.27.4&#8243; _module_preset=\u00bbdefault\u00bb border_radii=\u00bbon|10px|10px|10px|10px\u00bb global_colors_info=\u00bb{}\u00bb][\/et_pb_video][et_pb_divider color=\u00bbrgba(0,0,0,0.22)\u00bb divider_weight=\u00bb2px\u00bb disabled_on=\u00bboff|on|on\u00bb _builder_version=\u00bb4.27.4&#8243; _module_preset=\u00bbdefault\u00bb global_colors_info=\u00bb{}\u00bb][\/et_pb_divider][\/et_pb_column][et_pb_column type=\u00bb1_2&#8243; _builder_version=\u00bb4.27.4&#8243; _module_preset=\u00bbdefault\u00bb custom_padding=\u00bb|40px||0px|false|false\u00bb global_colors_info=\u00bb{}\u00bb][et_pb_text _builder_version=\u00bb4.27.4&#8243; _module_preset=\u00bbdefault\u00bb global_colors_info=\u00bb{}\u00bb]<\/p>\n<h3><b>Plataformas Virtuales y RRSS para la B\u00fasqueda de Empleo<\/b><\/h3>\n<p><span style=\"font-weight: 400;\">El entorno digital se ha convertido en un espacio clave para conectar con oportunidades laborales, proyectar una marca personal y construir redes profesionales significativas. Saber utilizar las plataformas virtuales y las redes sociales de manera estrat\u00e9gica puede marcar la diferencia en cualquier proceso de b\u00fasqueda laboral.<\/span><\/p>\n<p><span style=\"font-weight: 400;\">El video \u201cPlataformas virtuales y RRSS para la b\u00fasqueda de empleo\u201d entrega recomendaciones sobre el uso de sitios de empleo, redes como LinkedIn y otras plataformas que permiten ampliar contactos, visibilizar logros y acceder a nuevas oportunidades.<\/span><\/p>\n<p><span style=\"font-weight: 400;\">Te invitamos a verlo y descubrir c\u00f3mo potenciar tu presencia digital para avanzar con estrategia y confianza en tu trayectoria profesional.<\/span><\/p>\n<p>[\/et_pb_text][et_pb_video src=\u00bbhttps:\/\/youtu.be\/ClZ0zy6AMyI?si=o-IspNiW1FtgimVw\u00bb _builder_version=\u00bb4.27.4&#8243; _module_preset=\u00bbdefault\u00bb border_radii=\u00bbon|10px|10px|10px|10px\u00bb global_colors_info=\u00bb{}\u00bb][\/et_pb_video][\/et_pb_column][\/et_pb_row][et_pb_row column_structure=\u00bb1_2,1_2&#8243; use_custom_gutter=\u00bbon\u00bb gutter_width=\u00bb2&#8243; module_id=\u00bbcursos\u00bb module_class=\u00bbtab-content\u00bb _builder_version=\u00bb4.27.4&#8243; _module_preset=\u00bbdefault\u00bb custom_padding=\u00bb|||20px|false|false\u00bb global_colors_info=\u00bb{}\u00bb][et_pb_column type=\u00bb1_2&#8243; _builder_version=\u00bb4.27.4&#8243; _module_preset=\u00bbdefault\u00bb custom_padding=\u00bb|40px|||false|false\u00bb border_color_all=\u00bb#cecece\u00bb border_width_right=\u00bb2px\u00bb border_width_right_tablet=\u00bb0px\u00bb border_width_right_phone=\u00bb0px\u00bb border_width_right_last_edited=\u00bbon|tablet\u00bb global_colors_info=\u00bb{}\u00bb][et_pb_text _builder_version=\u00bb4.27.4&#8243; _module_preset=\u00bbdefault\u00bb custom_margin=\u00bb||||false|false\u00bb global_colors_info=\u00bb{}\u00bb]<\/p>\n<h3><b>Entrevista Laboral<\/b><\/h3>\n<p><span style=\"font-weight: 400;\">La entrevista laboral es una de las etapas m\u00e1s importantes del proceso de selecci\u00f3n: un espacio para comunicar logros, motivaciones y el valor que cada persona puede aportar a una organizaci\u00f3n. Prepararse adecuadamente permite destacar con autenticidad y seguridad<\/span><b>.<\/b><\/p>\n<p><span style=\"font-weight: 400;\">El video \u201cEntrevista Laboral\u201d entrega herramientas para proyectar confianza, claridad y coherencia entre la trayectoria, las metas profesionales y el rol que se busca asumir.<\/span><\/p>\n<p><span style=\"font-weight: 400;\">Te invitamos a revisarlo y potenciar tu desempe\u00f1o en futuras entrevistas, avanzando con seguridad hacia nuevas oportunidades.<\/span><\/p>\n<p>[\/et_pb_text][et_pb_video src=\u00bbhttps:\/\/youtu.be\/Krx57iucls8?si=0qLArOQOZJk866e7&#8243; _builder_version=\u00bb4.27.4&#8243; _module_preset=\u00bbdefault\u00bb border_radii=\u00bbon|10px|10px|10px|10px\u00bb global_colors_info=\u00bb{}\u00bb][\/et_pb_video][et_pb_divider color=\u00bbrgba(0,0,0,0.22)\u00bb divider_weight=\u00bb2px\u00bb disabled_on=\u00bboff|on|on\u00bb _builder_version=\u00bb4.27.4&#8243; _module_preset=\u00bbdefault\u00bb global_colors_info=\u00bb{}\u00bb][\/et_pb_divider][\/et_pb_column][et_pb_column type=\u00bb1_2&#8243; _builder_version=\u00bb4.27.4&#8243; _module_preset=\u00bbdefault\u00bb custom_padding=\u00bb|40px||0px|false|false\u00bb global_colors_info=\u00bb{}\u00bb][et_pb_text _builder_version=\u00bb4.27.4&#8243; _module_preset=\u00bbdefault\u00bb custom_margin=\u00bb||||false|false\u00bb global_colors_info=\u00bb{}\u00bb]<\/p>\n<h3><b>Onboarding Exitoso<\/b><\/h3>\n<p><span style=\"font-weight: 400;\">El inicio en un nuevo trabajo es una etapa decisiva para integrarse, aprender y proyectar una trayectoria dentro de una organizaci\u00f3n. Un proceso de onboarding efectivo permite adaptarse m\u00e1s r\u00e1pido, comprender la cultura institucional y comenzar a aportar desde el primer d\u00eda.<\/span><\/p>\n<p><span style=\"font-weight: 400;\">El video \u201cOnboarding Exitoso\u201d invita a reflexionar sobre c\u00f3mo asumir este proceso de manera estrat\u00e9gica, potenciando la adaptaci\u00f3n, el bienestar y el crecimiento profesional.<\/span><\/p>\n<p><span style=\"font-weight: 400;\">Te invitamos a verlo y descubrir c\u00f3mo transformar tus primeros pasos laborales en una experiencia de aprendizaje y \u00e9xito duradero.<\/span><\/p>\n<p>[\/et_pb_text][et_pb_video src=\u00bbhttps:\/\/youtu.be\/lqNbq8Tvw_k?si=v_E7As5bNuIDeY5L\u00bb _builder_version=\u00bb4.27.4&#8243; _module_preset=\u00bbdefault\u00bb border_radii=\u00bbon|10px|10px|10px|10px\u00bb global_colors_info=\u00bb{}\u00bb][\/et_pb_video][\/et_pb_column][\/et_pb_row][et_pb_row column_structure=\u00bb1_2,1_2&#8243; use_custom_gutter=\u00bbon\u00bb gutter_width=\u00bb2&#8243; module_id=\u00bbconexion-alumni\u00bb module_class=\u00bbtab-content\u00bb _builder_version=\u00bb4.27.4&#8243; _module_preset=\u00bbdefault\u00bb custom_padding=\u00bb|||20px|false|false\u00bb global_colors_info=\u00bb{}\u00bb][et_pb_column type=\u00bb1_2&#8243; _builder_version=\u00bb4.27.4&#8243; _module_preset=\u00bbdefault\u00bb custom_padding=\u00bb|40px|||false|false\u00bb border_color_all=\u00bb#cecece\u00bb border_width_right=\u00bb2px\u00bb border_width_right_tablet=\u00bb0px\u00bb border_width_right_phone=\u00bb0px\u00bb border_width_right_last_edited=\u00bbon|phone\u00bb global_colors_info=\u00bb{}\u00bb][et_pb_text _builder_version=\u00bb4.27.4&#8243; _module_preset=\u00bbdefault\u00bb global_colors_info=\u00bb{}\u00bb]<\/p>\n<h3><b>\u00bfC\u00f3mo crear un curr\u00edculum efectivo?<\/b><\/h3>\n<p><span style=\"font-weight: 400;\">El curr\u00edculum vitae es una herramienta clave para proyectar la trayectoria acad\u00e9mica y profesional. M\u00e1s que un documento, es una oportunidad para comunicar logros, habilidades y el sello personal que distingue a cada persona en su \u00e1mbito laboral.<\/span><\/p>\n<p><span style=\"font-weight: 400;\">El video \u201cCurr\u00edculum Vitae Efectivo\u201d ofrece consejos sobre estructura, formato, lenguaje y presentaci\u00f3n de logros, junto con recomendaciones para adaptar el CV seg\u00fan el tipo de cargo o \u00e1rea de desempe\u00f1o.<\/span><\/p>\n<p><span style=\"font-weight: 400;\">Te invitamos a verlo y seguir potenciando tu desarrollo con herramientas que contribuyan a tu proyecci\u00f3n laboral.<\/span><\/p>\n<p>[\/et_pb_text][et_pb_video src=\u00bbhttps:\/\/youtu.be\/lF2KfYwE1RY?si=ocQcyw0w_NUql517&#8243; _builder_version=\u00bb4.27.4&#8243; _module_preset=\u00bbdefault\u00bb border_radii=\u00bbon|10px|10px|10px|10px\u00bb global_colors_info=\u00bb{}\u00bb][\/et_pb_video][\/et_pb_column][et_pb_column type=\u00bb1_2&#8243; _builder_version=\u00bb4.27.4&#8243; _module_preset=\u00bbdefault\u00bb custom_padding=\u00bb|40px||0px|false|false\u00bb global_colors_info=\u00bb{}\u00bb][\/et_pb_column][\/et_pb_row][et_pb_row disabled_on=\u00bbon|on|on\u00bb _builder_version=\u00bb4.27.4&#8243; _module_preset=\u00bbdefault\u00bb min_height=\u00bb150.6px\u00bb disabled=\u00bbon\u00bb global_colors_info=\u00bb{}\u00bb][et_pb_column type=\u00bb4_4&#8243; _builder_version=\u00bb4.27.4&#8243; _module_preset=\u00bbdefault\u00bb global_colors_info=\u00bb{}\u00bb][et_pb_tabs _builder_version=\u00bb4.27.4&#8243; _module_preset=\u00bbdefault\u00bb global_colors_info=\u00bb{}\u00bb][et_pb_tab title=\u00bbDatos personales\u00bb _builder_version=\u00bb4.27.4&#8243; _module_preset=\u00bbdefault\u00bb global_colors_info=\u00bb{}\u00bb]<\/p>\n<p>[tribe_events view=\u00bblist\u00bb]<\/p>\n<p>[\/et_pb_tab][et_pb_tab title=\u00bbConexion alumni\u00bb _builder_version=\u00bb4.27.4&#8243; _module_preset=\u00bbdefault\u00bb global_colors_info=\u00bb{}\u00bb]<\/p>\n<p>Your content goes here. Edit or remove this text inline or in the module Content settings. You can also style every aspect of this content in the module Design settings and even apply custom CSS to this text in the module Advanced settings.<\/p>\n<p>[\/et_pb_tab][et_pb_tab title=\u00bbCursos\u00bb _builder_version=\u00bb4.27.4&#8243; _module_preset=\u00bbdefault\u00bb global_colors_info=\u00bb{}\u00bb]<\/p>\n<p>Your content goes here. Edit or remove this text inline or in the module Content settings. You can also style every aspect of this content in the module Design settings and even apply custom CSS to this text in the module Advanced settings.<\/p>\n<p>[\/et_pb_tab][\/et_pb_tabs][et_pb_code disabled_on=\u00bbon|on|on\u00bb module_id=\u00bbconexion-alumni\u00bb module_class=\u00bbtab-content\u00bb _builder_version=\u00bb4.27.4&#8243; _module_preset=\u00bbdefault\u00bb disabled=\u00bbon\u00bb global_colors_info=\u00bb{}\u00bb][ultimatemember form_id=\u00bb86&#8243;][\/et_pb_code][ecmd_events_layouts posts_number=\u00bb10&#8243; time=\u00bball\u00bb show_event_image=\u00bboff\u00bb layout_background_color=\u00bb#FFFFFF\u00bb date_highlight_backgroud_color=\u00bb#00A499&#8243; disabled_on=\u00bbon|on|on\u00bb module_id=\u00bbcursos\u00bb module_class=\u00bbtab-content\u00bb _builder_version=\u00bb4.27.4&#8243; _module_preset=\u00bbdefault\u00bb disabled=\u00bbon\u00bb global_colors_info=\u00bb{}\u00bb _i=\u00bb2&#8243; _address=\u00bb1.5.0.2&#8243; \/][et_pb_code disabled_on=\u00bbon|on|on\u00bb module_id=\u00bbdatos-personales\u00bb module_class=\u00bbtab-content\u00bb _builder_version=\u00bb4.27.4&#8243; _module_preset=\u00bbdefault\u00bb disabled=\u00bbon\u00bb global_colors_info=\u00bb{}\u00bb]\t[ultimatemember_account][\/et_pb_code][et_pb_code disabled_on=\u00bbon|on|on\u00bb _builder_version=\u00bb4.27.4&#8243; _module_preset=\u00bbdefault\u00bb disabled=\u00bbon\u00bb global_colors_info=\u00bb{}\u00bb][events-calendar-templates category=\u00bball\u00bb template=\u00bbdefault\u00bb style=\u00bbstyle-\u00bb date_format=\u00bbdefault\u00bb start_date=\u00bb\u00bb end_date=\u00bb\u00bb limit=\u00bb10&#8243; order=\u00bbASC\u00bb hide-venue=\u00bbno\u00bb socialshare=\u00bbno\u00bb time=\u00bball\u00bb][\/et_pb_code][et_pb_image src=\u00bbhttps:\/\/alumnifae.usach.cl\/wp-content\/uploads\/2025\/08\/Screenshot_86.png\u00bb title_text=\u00bbScreenshot_86&#8243; disabled_on=\u00bbon|on|on\u00bb _builder_version=\u00bb4.27.4&#8243; _module_preset=\u00bbdefault\u00bb disabled=\u00bbon\u00bb global_colors_info=\u00bb{}\u00bb][\/et_pb_image][\/et_pb_column][\/et_pb_row][\/et_pb_section]<\/p>\n","protected":false},"excerpt":{"rendered":"<p>En Alumni FAE creemos que el aprendizaje no termina al egresar. Cada paso en la vida profesional es una oportunidad para crecer, reinventarse y seguir aprendiendo con prop\u00f3sito.Transforma tu futuro es un espacio creado para acompa\u00f1ar ese camino, entregando recursos, herramientas y contenidos que fortalecen las competencias profesionales, impulsan la empleabilidad y potencian el desarrollo [&hellip;]<\/p>\n","protected":false},"author":3,"featured_media":0,"parent":0,"menu_order":0,"comment_status":"closed","ping_status":"closed","template":"","meta":{"_et_pb_use_builder":"on","_et_pb_old_content":"","_et_gb_content_width":"","footnotes":""},"class_list":["post-47","page","type-page","status-publish","hentry"],"_links":{"self":[{"href":"https:\/\/alumnifae.usach.cl\/index.php\/wp-json\/wp\/v2\/pages\/47","targetHints":{"allow":["GET"]}}],"collection":[{"href":"https:\/\/alumnifae.usach.cl\/index.php\/wp-json\/wp\/v2\/pages"}],"about":[{"href":"https:\/\/alumnifae.usach.cl\/index.php\/wp-json\/wp\/v2\/types\/page"}],"author":[{"embeddable":true,"href":"https:\/\/alumnifae.usach.cl\/index.php\/wp-json\/wp\/v2\/users\/3"}],"replies":[{"embeddable":true,"href":"https:\/\/alumnifae.usach.cl\/index.php\/wp-json\/wp\/v2\/comments?post=47"}],"version-history":[{"count":70,"href":"https:\/\/alumnifae.usach.cl\/index.php\/wp-json\/wp\/v2\/pages\/47\/revisions"}],"predecessor-version":[{"id":1337,"href":"https:\/\/alumnifae.usach.cl\/index.php\/wp-json\/wp\/v2\/pages\/47\/revisions\/1337"}],"wp:attachment":[{"href":"https:\/\/alumnifae.usach.cl\/index.php\/wp-json\/wp\/v2\/media?parent=47"}],"curies":[{"name":"wp","href":"https:\/\/api.w.org\/{rel}","templated":true}]}}